{"id":1894,"date":"2017-07-19T08:15:10","date_gmt":"2017-07-19T07:15:10","guid":{"rendered":"\/about-us-2\/"},"modified":"2022-07-02T23:11:20","modified_gmt":"2022-07-02T22:11:20","slug":"ueber-uns","status":"publish","type":"page","link":"https:\/\/bitov.info\/?page_id=1894&lang=de","title":{"rendered":"\u00dcber uns"},"content":{"rendered":"<p>[vc_row css=&#8220;.vc_custom_1485860712352{margin-top: 40px !important;}&#8220;][vc_column width=&#8220;2\/3&#8243;]<div style=\"background-color:; height: 30px;\" class=\"nicdark_section  \"><\/div>[vc_column_text]<span class=\"nicdark_font_size_70 nicdark_float_left nicdark_padding_28 nicdark_line_height_30\">V<\/span>\u00edtejte na Bitov\u011b! Historie na\u0161eho ubytov\u00e1v\u00e1n\u00ed za\u010d\u00edn\u00e1 roku 2014 v Domku u lesa. Na\u0161i my\u0161lenkou bylo poskytnout ubytov\u00e1n\u00ed v soukrom\u00ed pro samostatn\u00e9 skupiny nebo rodiny s d\u011btmi. Nab\u00edz\u00edme pohodln\u00e9 ubytov\u00e1n\u00ed se zahradou, baz\u00e9nem, atrakcemi pro d\u011bti, v bl\u00edzkosti p\u0159ekrasn\u00e9 p\u0159\u00edrody a v dosahu Vranovsk\u00e9 p\u0159ehrady. Snadn\u00e9 parkov\u00e1n\u00ed samoz\u0159ejmost\u00ed.[\/vc_column_text]<div style=\"background-color:; height: 30px;\" class=\"nicdark_section  \"><\/div>[vc_column_text]Postupn\u011b roz\u0161i\u0159ujeme slu\u017eby pro V\u00e1s. M\u00e1me k dispozici elektrokola, paddleboardy, d\u011btsk\u00e9 h\u0159i\u0161t\u011b, venkovn\u00ed posezen\u00ed, gril, uzamykateln\u00e9 prostory pro Va\u0161e kola a hromadu tip\u016f na p\u011b\u0161\u00ed i cyklistick\u00e9 v\u00fdlety.<\/p>\n<p>&nbsp;<\/p>\n<p>V roce 2021 jsme roz\u0161\u00ed\u0159ili ubytov\u00e1n\u00ed o dal\u0161\u00ed d\u016fm se t\u0159emi apartm\u00e1ny.[\/vc_column_text]<div style=\"background-color:; height: 10px;\" class=\"nicdark_section  \"><\/div>[\/vc_column][vc_column width=&#8220;1\/3&#8243; css=&#8220;.vc_custom_1485856159511{padding-right: 30px !important;padding-left: 30px !important;}&#8220;]<div style=\"background-color:; height: 10px;\" class=\"nicdark_section  \"><\/div>[vc_row_inner][vc_column_inner css=&#8220;.vc_custom_1506411106454{padding-top: 30px !important;padding-right: 30px !important;padding-bottom: 30px !important;padding-left: 30px !important;background-color: #78635a !important;}&#8220;]\n\n    <div class=\"nd_options_section nd_options_position_relative \">\n\n        <img style=\"top:px;\" alt=\"\" class=\"nd_options_position_absolute nd_options_left_0\" width=\"30\" src=\"https:\/\/bitov.info\/wp-content\/uploads\/2017\/07\/icon-checked-white.png\">\n\n        <div style=\"padding-left:50px;\" class=\"nd_options_section nd_options_box_sizing_border_box\">\n            \n            <h3 class=\"nd_options_second_font nd_options_letter_spacing_2 nd_options_font_weight_lighter \" style=\"margin:0px 0px 3px 0px; color:#ffffff; font-size:13px;line-height:13px;\">ADRESA<\/h3> \n            <p class=\"nd_options_second_font  \" style=\"margin:0px; color:#ffffff; font-size:14px;line-height:24px;\">B\u00edtov 15, okres Znojmo<\/p> \n            \n\n        <\/div>\n\n    <\/div>\n\n  <div style=\"background-color:; height: 30px;\" class=\"nicdark_section  \"><\/div>\n\n    <div class=\"nd_options_section nd_options_position_relative \">\n\n        <img style=\"top:px;\" alt=\"\" class=\"nd_options_position_absolute nd_options_left_0\" width=\"30\" src=\"https:\/\/bitov.info\/wp-content\/uploads\/2017\/07\/icon-checked-white.png\">\n\n        <div style=\"padding-left:50px;\" class=\"nd_options_section nd_options_box_sizing_border_box\">\n            \n            <h3 class=\"nd_options_second_font nd_options_letter_spacing_2 nd_options_font_weight_lighter \" style=\"margin:0px 0px 3px 0px; color:#ffffff; font-size:13px;line-height:13px;\">TELEFON<\/h3> \n            <p class=\"nd_options_second_font  \" style=\"margin:0px; color:#ffffff; font-size:14px;line-height:24px;\">+420 777 609 682<\/p> \n            \n\n        <\/div>\n\n    <\/div>\n\n  <div style=\"background-color:; height: 30px;\" class=\"nicdark_section  \"><\/div>\n\n    <div class=\"nd_options_section nd_options_position_relative \">\n\n        <img style=\"top:px;\" alt=\"\" class=\"nd_options_position_absolute nd_options_left_0\" width=\"30\" src=\"https:\/\/bitov.info\/wp-content\/uploads\/2017\/07\/icon-checked-white.png\">\n\n        <div style=\"padding-left:50px;\" class=\"nd_options_section nd_options_box_sizing_border_box\">\n            \n            <h3 class=\"nd_options_second_font nd_options_letter_spacing_2 nd_options_font_weight_lighter \" style=\"margin:0px 0px 3px 0px; color:#ffffff; font-size:13px;line-height:13px;\">EMAIL<\/h3> \n            <p class=\"nd_options_second_font  \" style=\"margin:0px; color:#ffffff; font-size:14px;line-height:24px;\">domekulesa@gmail.com<\/p> \n            \n\n        <\/div>\n\n    <\/div>\n\n  [\/vc_column_inner][\/vc_row_inner]<div style=\"background-color:; height: 10px;\" class=\"nicdark_section  \"><\/div>[\/vc_column][\/vc_row][vc_row css=&#8220;.vc_custom_1485860933865{margin-top: 20px !important;}&#8220;][vc_column width=&#8220;2\/3&#8243;][vc_row_inner][vc_column_inner width=&#8220;7\/12&#8243;]<div style=\"background-color:; height: 10px;\" class=\"nicdark_section  \"><\/div>\n\n  <!--START FOCUS-->\n  <div class=\"nd_options_section nd_options_position_relative  \">\n                      \n      <img alt=\"\" class=\"nd_options_section\" src=\"https:\/\/bitov.info\/wp-content\/uploads\/2022\/06\/DJI_0458-HDR_resize-1024x682.jpg\">\n\n      <div class=\"nd_options_bg_greydark_alpha_gradient nd_options_position_absolute nd_options_left_0 nd_options_height_100_percentage nd_options_width_100_percentage nd_options_padding_30 nd_options_box_sizing_border_box\">\n          \n          <div class=\"nd_options_display_table nd_options_width_100_percentage nd_options_height_100_percentage nd_options_text_align_center\">\n          \n              <div class=\"nd_options_display_table_cell nd_options_vertical_align_bottom\">\n            \n                <a rel=\"\" title=\"Domek u lesa, B\u00edtov 25\" target=\"_self\" class=\"nd_options_color_white\" href=\"\/znacky\/domek-u-lesa-bitov-25\/\">\n                  <h4 class=\"nd_options_margin_0_important nd_options_color_white nd_options_color_white nd_options_second_font nd_options_letter_spacing_3 nd_options_font_weight_lighter\">\n                    B\u00cdTOV 25\n                  <\/h4>\n                <\/a>\n\n              <\/div>\n\n          <\/div>\n\n      <\/div>\n\n  <\/div>\n  <!--END FOCUS-->\n                \n\n   <div style=\"background-color:; height: 30px;\" class=\"nicdark_section  \"><\/div>\n\n  <!--START FOCUS-->\n  <div class=\"nd_options_section nd_options_position_relative  \">\n                      \n      <img alt=\"\" class=\"nd_options_section\" src=\"https:\/\/bitov.info\/wp-content\/uploads\/2022\/02\/IMG_9347-HDR-1-1024x1024.jpg\">\n\n      <div class=\"nd_options_bg_greydark_alpha_gradient nd_options_position_absolute nd_options_left_0 nd_options_height_100_percentage nd_options_width_100_percentage nd_options_padding_30 nd_options_box_sizing_border_box\">\n          \n          <div class=\"nd_options_display_table nd_options_width_100_percentage nd_options_height_100_percentage nd_options_text_align_center\">\n          \n              <div class=\"nd_options_display_table_cell nd_options_vertical_align_bottom\">\n            \n                <a rel=\"\" title=\"Domek u lesa, B\u00edtov 15\" target=\"_self\" class=\"nd_options_color_white\" href=\"\/znacky\/domek-u-lesa\/\">\n                  <h4 class=\"nd_options_margin_0_important nd_options_color_white nd_options_color_white nd_options_second_font nd_options_letter_spacing_3 nd_options_font_weight_lighter\">\n                    B\u00cdTOV 15\n                  <\/h4>\n                <\/a>\n\n              <\/div>\n\n          <\/div>\n\n      <\/div>\n\n  <\/div>\n  <!--END FOCUS-->\n                \n\n   <div style=\"background-color:; height: 10px;\" class=\"nicdark_section  \"><\/div>[\/vc_column_inner][vc_column_inner width=&#8220;5\/12&#8243;]<div style=\"background-color:; height: 10px;\" class=\"nicdark_section  \"><\/div>\n\n  <!--START FOCUS-->\n  <div class=\"nd_options_section nd_options_position_relative  \">\n                      \n      <img alt=\"\" class=\"nd_options_section\" src=\"https:\/\/bitov.info\/wp-content\/uploads\/2022\/06\/2014-06-14-13-35-48-IMG_7296-Bitov-hrad-vyrez-582x1024.jpg\">\n\n      <div class=\"nd_options_bg_greydark_alpha_gradient nd_options_position_absolute nd_options_left_0 nd_options_height_100_percentage nd_options_width_100_percentage nd_options_padding_30 nd_options_box_sizing_border_box\">\n          \n          <div class=\"nd_options_display_table nd_options_width_100_percentage nd_options_height_100_percentage nd_options_text_align_center\">\n          \n              <div class=\"nd_options_display_table_cell nd_options_vertical_align_bottom\">\n            \n                <a rel=\"\" title=\"Hrad B\u00edtov\" target=\"_self\" class=\"nd_options_color_white\" href=\"\/hrad-bitov\/\">\n                  <h4 class=\"nd_options_margin_0_important nd_options_color_white nd_options_color_white nd_options_second_font nd_options_letter_spacing_3 nd_options_font_weight_lighter\">\n                    B\u00cdTOV - HRAD\n                  <\/h4>\n                <\/a>\n\n              <\/div>\n\n          <\/div>\n\n      <\/div>\n\n  <\/div>\n  <!--END FOCUS-->\n                \n\n   <div style=\"background-color:; height: 10px;\" class=\"nicdark_section  \"><\/div>[\/vc_column_inner][\/vc_row_inner][\/vc_column][vc_column width=&#8220;1\/3&#8243;]<div style=\"background-color:; height: 10px;\" class=\"nicdark_section  \"><\/div> <h6 style=\"color:#a3a3a3; padding:px; text-align:center; font-size:12px; line-height:12px; letter-spacing: 2px; font-weight:lighter;\" class=\"   nd_options_second_font \">KONTAKTUJTE N\u00c1S<\/h6> <div style=\"background-color:; height: 10px;\" class=\"nicdark_section  \"><\/div>\n    <div class=\"nd_options_section nd_options_line_height_0  nd_options_text_align_center \">\n        <span style=\"height:1px; width:30px; background-color:#878787;\" class=\"nd_options_display_inline_block\"><\/span>\n    <\/div>\n   <div style=\"background-color:; height: 15px;\" class=\"nicdark_section  \"><\/div> <h1 style=\"color:; padding:px; text-align:center; font-size:25px; line-height:30px; letter-spacing: px; font-weight:normal;\" class=\"   nd_options_first_font \">Zanechte n\u00e1m zpr\u00e1vu<\/h1> <div style=\"background-color:; height: 20px;\" class=\"nicdark_section  \"><\/div>\n\n    <style>\n\n    #nd_options_shortcode_cf7_2842 input[type=\"text\"],\n    #nd_options_shortcode_cf7_2842 input[type=\"email\"],\n    #nd_options_shortcode_cf7_2842 input[type=\"url\"],\n    #nd_options_shortcode_cf7_2842 input[type=\"tel\"],\n    #nd_options_shortcode_cf7_2842 input[type=\"number\"],\n    #nd_options_shortcode_cf7_2842 input[type=\"date\"],\n    #nd_options_shortcode_cf7_2842 input[type=\"checkbox\"],\n    #nd_options_shortcode_cf7_2842 input[type=\"file\"],\n    #nd_options_shortcode_cf7_2842 textarea,\n    #nd_options_shortcode_cf7_2842 label,\n    #nd_options_shortcode_cf7_2842 select\n    {\n\n      width: 100%;\n\n    }\n\n\n    .nd_options_customizer_forms span.wpcf7-not-valid-tip,\n    .nd_options_customizer_forms .wpcf7-response-output.wpcf7-validation-errors,\n    .nd_options_customizer_forms .wpcf7-response-output.wpcf7-mail-sent-ok\n    {\n\n      float: left;\n      width: 100%;\n      box-sizing: border-box;\n\n    }\n\n    <\/style>\n\n  \n\n    <!--start form-->\n    <div id=\"nd_options_shortcode_cf7_2842\" class=\"nd_options_section \">\n      \n      <div class=\"nd_options_section nd_options_box_sizing_border_box\">\n        <div role=\"form\" class=\"wpcf7\" id=\"wpcf7-f2842-o1\" lang=\"en-US\" dir=\"ltr\">\n<div class=\"screen-reader-response\"><p role=\"status\" aria-live=\"polite\" aria-atomic=\"true\"><\/p> <ul><\/ul><\/div>\n<form action=\"\/index.php?rest_route=%2Fwp%2Fv2%2Fpages%2F1894#wpcf7-f2842-o1\" method=\"post\" class=\"wpcf7-form init\" novalidate=\"novalidate\" data-status=\"init\">\n<div style=\"display: none;\">\n<input type=\"hidden\" name=\"_wpcf7\" value=\"2842\" \/>\n<input type=\"hidden\" name=\"_wpcf7_version\" value=\"5.6.2\" \/>\n<input type=\"hidden\" name=\"_wpcf7_locale\" value=\"en_US\" \/>\n<input type=\"hidden\" name=\"_wpcf7_unit_tag\" value=\"wpcf7-f2842-o1\" \/>\n<input type=\"hidden\" name=\"_wpcf7_container_post\" value=\"0\" \/>\n<input type=\"hidden\" name=\"_wpcf7_posted_data_hash\" value=\"\" \/>\n<input type=\"hidden\" name=\"_wpcf7_recaptcha_response\" value=\"\" \/>\n<\/div>\n<div class=\"nd_options_float_left nd_options_box_sizing_border_box nd_options_width_100_percentage_all_iphone_important nd_options_padding_0_right_important_all_iphone nd_options_padding_0_left_important_all_iphone \" style=\"padding: 0px 10px 15px 0px; width:100%;\" >\n<p>Jm\u00e9no:<\/p>\n<p><span class=\"wpcf7-form-control-wrap\" data-name=\"name-form\"><input type=\"text\" name=\"name-form\" value=\"\" size=\"40\" class=\"wpcf7-form-control wpcf7-text wpcf7-validates-as-required nd_options_padding_10_20_important nd_options_margin_top_10\" aria-required=\"true\" aria-invalid=\"false\" \/><\/span><\/div><br \/>\n<div class=\"nd_options_float_left nd_options_box_sizing_border_box nd_options_width_100_percentage_all_iphone_important nd_options_padding_0_right_important_all_iphone nd_options_padding_0_left_important_all_iphone \" style=\"padding: 0px 10px 15px 0px; width:100%;\" >\n<p>Email:<\/p>\n<p><span class=\"wpcf7-form-control-wrap\" data-name=\"email\"><input type=\"email\" name=\"email\" value=\"\" size=\"40\" class=\"wpcf7-form-control wpcf7-text wpcf7-email wpcf7-validates-as-required wpcf7-validates-as-email nd_options_padding_10_20_important nd_options_margin_top_10\" aria-required=\"true\" aria-invalid=\"false\" \/><\/span><\/div><br \/>\n<div class=\"nd_options_float_left nd_options_box_sizing_border_box nd_options_width_100_percentage_all_iphone_important nd_options_padding_0_right_important_all_iphone nd_options_padding_0_left_important_all_iphone \" style=\"padding: 0px 10px 15px 0px; width:100%;\" >\n<p>Zpr\u00e1va:<\/p>\n<p><span class=\"wpcf7-form-control-wrap\" data-name=\"message\"><textarea name=\"message\" cols=\"40\" rows=\"5\" class=\"wpcf7-form-control wpcf7-textarea nd_options_padding_10_20_important nd_options_margin_top_10\" aria-invalid=\"false\"><\/textarea><\/span><\/div><br \/>\n<div class=\"nd_options_float_left nd_options_box_sizing_border_box nd_options_width_100_percentage_all_iphone_important nd_options_padding_0_right_important_all_iphone nd_options_padding_0_left_important_all_iphone \" style=\"padding: 0px 0px 0px 0px; width:30%;\" ><input type=\"submit\" value=\"ODESLAT\" class=\"wpcf7-form-control has-spinner wpcf7-submit nd_booking_padding_15_30_important nd_options_second_font_important nd_options_color_white nd_options_display_inline_block nd_options_font_size_11 nd_options_font_weight_bold nd_options_letter_spacing_2 nd_options_section\" \/><\/div>\n<div class=\"wpcf7-response-output\" aria-hidden=\"true\"><\/div><\/form><\/div> \n      <\/div>  \n\n    <\/div>\n    <!--end form-->\n\n   <div style=\"background-color:; height: 10px;\" class=\"nicdark_section  \"><\/div>[\/vc_column][\/vc_row][vc_row][vc_column width=&#8220;1\/4&#8243; css=&#8220;.vc_custom_1492595611356{border-top-width: 0px !important;border-right-width: 0px !important;border-bottom-width: 0px !important;border-left-width: 0px !important;padding-top: 60px !important;padding-right: 60px !important;padding-bottom: 60px !important;padding-left: 60px !important;}&#8220;][\/vc_column][vc_column width=&#8220;1\/4&#8243; css=&#8220;.vc_custom_1492595600782{border-top-width: 0px !important;border-right-width: 0px !important;border-bottom-width: 0px !important;border-left-width: 0px !important;padding-top: 60px !important;padding-right: 60px !important;padding-bottom: 60px !important;padding-left: 60px !important;}&#8220;]\n    <div style=\"text-align:center;\" class=\"nd_options_section\">\n      <img alt=\"\" style=\"width:70px;\" class=\" nd_options_margin_0 nd_options_padding_0 \" src=\"https:\/\/bitov.info\/wp-content\/uploads\/2017\/08\/icon-wallet-grey.png\">\n    <\/div>\n   <div style=\"background-color:; height: 10px;\" class=\"nicdark_section  \"><\/div> <h4 style=\"color:; padding:px; text-align:center; font-size:15px; line-height:15px; letter-spacing: 2px; font-weight:lighter;\" class=\"   nd_options_second_font \">PLATBA HOTOV\u011a<\/h4> [\/vc_column][vc_column width=&#8220;1\/4&#8243; css=&#8220;.vc_custom_1492595593581{border-top-width: 0px !important;border-right-width: 0px !important;border-bottom-width: 0px !important;border-left-width: 0px !important;padding-top: 60px !important;padding-right: 60px !important;padding-bottom: 60px !important;padding-left: 60px !important;}&#8220;]\n    <div style=\"text-align:center;\" class=\"nd_options_section\">\n      <img alt=\"\" style=\"width:70px;\" class=\" nd_options_margin_0 nd_options_padding_0 \" src=\"https:\/\/bitov.info\/wp-content\/uploads\/2017\/08\/icon-request-grey.png\">\n    <\/div>\n   <div style=\"background-color:; height: 10px;\" class=\"nicdark_section  \"><\/div> <h4 style=\"color:; padding:px; text-align:center; font-size:15px; line-height:15px; letter-spacing: 2px; font-weight:lighter;\" class=\"   nd_options_second_font \">PLATBA P\u0158EDEM<\/h4> [\/vc_column][vc_column width=&#8220;1\/4&#8243; css=&#8220;.vc_custom_1492595624416{border-top-width: 0px !important;border-right-width: 0px !important;border-bottom-width: 0px !important;border-left-width: 0px !important;padding-top: 60px !important;padding-right: 60px !important;padding-bottom: 60px !important;padding-left: 60px !important;}&#8220;][\/vc_column][\/vc_row][vc_row full_width=&#8220;stretch_row&#8220; content_placement=&#8220;middle&#8220; parallax=&#8220;content-moving&#8220; parallax_image=&#8220;1298&#8243; css=&#8220;.vc_custom_1506411421490{margin-top: 10px !important;margin-bottom: -15px !important;padding-top: 90px !important;padding-bottom: 90px !important;}&#8220; el_class=&#8220;nd_options_vc_parallax_filter_1_3&#8243;][vc_column width=&#8220;1\/2&#8243; css=&#8220;.vc_custom_1485861692786{padding-top: 10px !important;padding-right: 30px !important;padding-bottom: 10px !important;padding-left: 30px !important;}&#8220;][vc_row_inner][vc_column_inner el_class=&#8220;nd_options_padding_20_first_div_important_responsive&#8220; css=&#8220;.vc_custom_1485861394451{padding-top: 40px !important;padding-right: 40px !important;padding-bottom: 40px !important;padding-left: 40px !important;background-color: #ffffff !important;}&#8220;] <h5 style=\"color:#a3a3a3; padding:px; text-align:center; font-size:12px; line-height:12px; letter-spacing: 2px; font-weight:lighter;\" class=\"   nd_options_second_font \">ROOMS<\/h5> <div style=\"background-color:; height: 10px;\" class=\"nicdark_section  \"><\/div> <h2 style=\"color:; padding:px; text-align:center; font-size:25px; line-height:25px; letter-spacing: px; font-weight:normal;\" class=\"    \">Our Promotions<\/h2> <div style=\"background-color:; height: 40px;\" class=\"nicdark_section  \"><\/div>\n    <div class=\" nd_options_list_component_l1 nd_options_section nd_options_position_relative nd_options_list_about_2 \">\n\n        \n        \n        <div class=\"nd_options_section nd_options_height_15\"><\/div>\n        <div class=\"nd_options_section nd_options_position_relative\">\n            <div class=\"nd_options_position_absolute nd_options_height_3 nd_options_width_100_percentage nd_options_bottom_2 nd_options_border_bottom_2_dotted_grey\"><\/div>\n            <h4 class=\"  nd_options_bg_white nd_options_float_left nd_options_position_relative nd_options_padding_right_10\"><strong>Family Room<\/strong><\/h4>\n            <h4 class=\"nd_options_bg_white nd_options_float_right nd_options_position_relative nd_options_padding_left_10\"><strong>$ 50<\/strong><\/h4>\n        <\/div>\n        <div class=\"nd_options_section nd_options_height_10\"><\/div>\n        <div class=\"nd_options_section\">\n            <p class=\"  nd_options_font_weight_lighter nd_options_float_left\">Lorem ipsum dolor sit<\/p>\n            <p style=\"background-color:;\" class=\" nd_options_color_grey nd_options_border_1_solid_grey nd_options_display_inline_block nd_options_first_font nd_options_padding_5_10 nd_options_border_radius_15 nd_options_float_right nd_options_font_size_13\">NEW<\/p>\n        <\/div>\n    <\/div>\n  <div style=\"background-color:; height: 10px;\" class=\"nicdark_section  \"><\/div>\n    <div class=\" nd_options_list_component_l1 nd_options_section nd_options_position_relative nd_options_list_about_2 \">\n\n        \n        \n        <div class=\"nd_options_section nd_options_height_15\"><\/div>\n        <div class=\"nd_options_section nd_options_position_relative\">\n            <div class=\"nd_options_position_absolute nd_options_height_3 nd_options_width_100_percentage nd_options_bottom_2 nd_options_border_bottom_2_dotted_grey\"><\/div>\n            <h4 class=\"  nd_options_bg_white nd_options_float_left nd_options_position_relative nd_options_padding_right_10\"><strong>Luxury Room<\/strong><\/h4>\n            <h4 class=\"nd_options_bg_white nd_options_float_right nd_options_position_relative nd_options_padding_left_10\"><strong>$ 110<\/strong><\/h4>\n        <\/div>\n        <div class=\"nd_options_section nd_options_height_10\"><\/div>\n        <div class=\"nd_options_section\">\n            <p class=\"  nd_options_font_weight_lighter nd_options_float_left\">Lorem ipsum dolor sit<\/p>\n            <p style=\"background-color:;\" class=\" nd_options_color_grey nd_options_border_1_solid_grey nd_options_display_inline_block nd_options_first_font nd_options_padding_5_10 nd_options_border_radius_15 nd_options_float_right nd_options_font_size_13\">SALE<\/p>\n        <\/div>\n    <\/div>\n  <div style=\"background-color:; height: 10px;\" class=\"nicdark_section  \"><\/div>\n    <div class=\" nd_options_list_component_l1 nd_options_section nd_options_position_relative nd_options_list_about_2 \">\n\n        \n        \n        <div class=\"nd_options_section nd_options_height_15\"><\/div>\n        <div class=\"nd_options_section nd_options_position_relative\">\n            <div class=\"nd_options_position_absolute nd_options_height_3 nd_options_width_100_percentage nd_options_bottom_2 nd_options_border_bottom_2_dotted_grey\"><\/div>\n            <h4 class=\"  nd_options_bg_white nd_options_float_left nd_options_position_relative nd_options_padding_right_10\"><strong>Sea View Room<\/strong><\/h4>\n            <h4 class=\"nd_options_bg_white nd_options_float_right nd_options_position_relative nd_options_padding_left_10\"><strong>$ 80<\/strong><\/h4>\n        <\/div>\n        <div class=\"nd_options_section nd_options_height_10\"><\/div>\n        <div class=\"nd_options_section\">\n            <p class=\"  nd_options_font_weight_lighter nd_options_float_left\">Lorem ipsum dolor sit<\/p>\n            <p style=\"background-color:;\" class=\" nd_options_color_grey nd_options_border_1_solid_grey nd_options_display_inline_block nd_options_first_font nd_options_padding_5_10 nd_options_border_radius_15 nd_options_float_right nd_options_font_size_13\">NEW<\/p>\n        <\/div>\n    <\/div>\n  [\/vc_column_inner][\/vc_row_inner][\/vc_column][vc_column width=&#8220;1\/2&#8243; css=&#8220;.vc_custom_1485861709087{padding-top: 10px !important;padding-right: 30px !important;padding-bottom: 10px !important;padding-left: 30px !important;}&#8220;][vc_row_inner css=&#8220;.vc_custom_1506411448734{background-image: url(\/wp-content\/uploads\/2017\/09\/parallax1.jpg?id=1297) !important;background-position: center !important;background-repeat: no-repeat !important;background-size: cover !important;}&#8220;][vc_column_inner el_class=&#8220;nd_options_text_align_center&#8220;]<div style=\"background-color:; height: 159px;\" class=\"nicdark_section  \"><\/div>\n\n    <div class=\"  nd_options_section\">\n        \n    \n        <a class=\" nd_options_outline_0 nd_options_mpopup_iframe\" href=\"https:\/\/www.youtube.com\/watch?v=rYbtBXhMFAQ\">\n            <img width=\"70px\" alt=\"\" class=\"nd_options_transition_all_08_ease nd_options_opacity_05_hover\" src=\"https:\/\/bitov.info\/wp-content\/uploads\/2017\/06\/icon-3.png\">\n        <\/a>\n\n        \n    <\/div>   \n\n<div style=\"background-color:; height: 159px;\" class=\"nicdark_section  \"><\/div>[\/vc_column_inner][\/vc_row_inner][\/vc_column][\/vc_row]<\/p>\n","protected":false},"excerpt":{"rendered":"<p>[vc_row css=&#8220;.vc_custom_1485860712352{margin-top: 40px !important;}&#8220;][vc_column width=&#8220;2\/3&#8243;][vc_column_text]V\u00edtejte na Bitov\u011b! Historie na\u0161eho ubytov\u00e1v\u00e1n\u00ed za\u010d\u00edn\u00e1 roku 2014 v Domku u lesa. Na\u0161i my\u0161lenkou bylo poskytnout ubytov\u00e1n\u00ed v soukrom\u00ed pro samostatn\u00e9 skupiny nebo rodiny s d\u011btmi. Nab\u00edz\u00edme pohodln\u00e9 ubytov\u00e1n\u00ed se zahradou, baz\u00e9nem, atrakcemi pro d\u011bti, v bl\u00edzkosti p\u0159ekrasn\u00e9 p\u0159\u00edrody a v dosahu Vranovsk\u00e9 p\u0159ehrady. Snadn\u00e9 parkov\u00e1n\u00ed samoz\u0159ejmost\u00ed.[\/vc_column_text][vc_column_text]Postupn\u011b roz\u0161i\u0159ujeme slu\u017eby pro [&hellip;]<\/p>\n","protected":false},"author":1,"featured_media":0,"parent":0,"menu_order":0,"comment_status":"closed","ping_status":"closed","template":"","meta":[],"_links":{"self":[{"href":"https:\/\/bitov.info\/index.php?rest_route=\/wp\/v2\/pages\/1894"}],"collection":[{"href":"https:\/\/bitov.info\/index.php?rest_route=\/wp\/v2\/pages"}],"about":[{"href":"https:\/\/bitov.info\/index.php?rest_route=\/wp\/v2\/types\/page"}],"author":[{"embeddable":true,"href":"https:\/\/bitov.info\/index.php?rest_route=\/wp\/v2\/users\/1"}],"replies":[{"embeddable":true,"href":"https:\/\/bitov.info\/index.php?rest_route=%2Fwp%2Fv2%2Fcomments&post=1894"}],"version-history":[{"count":12,"href":"https:\/\/bitov.info\/index.php?rest_route=\/wp\/v2\/pages\/1894\/revisions"}],"predecessor-version":[{"id":4047,"href":"https:\/\/bitov.info\/index.php?rest_route=\/wp\/v2\/pages\/1894\/revisions\/4047"}],"wp:attachment":[{"href":"https:\/\/bitov.info\/index.php?rest_route=%2Fwp%2Fv2%2Fmedia&parent=1894"}],"curies":[{"name":"wp","href":"https:\/\/api.w.org\/{rel}","templated":true}]}}