{"id":1965,"date":"2017-06-30T09:55:04","date_gmt":"2017-06-30T08:55:04","guid":{"rendered":"\/terms-and-conditions\/"},"modified":"2022-07-27T13:45:57","modified_gmt":"2022-07-27T12:45:57","slug":"terms-and-conditions","status":"publish","type":"page","link":"https:\/\/bitov.info\/?page_id=1965&lang=de","title":{"rendered":"Gesch\u00e4fts\u00adbedingungen"},"content":{"rendered":"<p>[vc_row css=&#8220;.vc_custom_1492612814975{margin-top: 40px !important;margin-bottom: 40px !important;}&#8220;][vc_column width=&#8220;2\/3&#8243;]<div style=\"background-color:; height: 20px;\" class=\"nicdark_section  \"><\/div>[vc_row_inner][vc_column_inner width=&#8220;1\/2&#8243;][vc_column_text]Der Mindestaufenthalt betr\u00e4gt zwei N\u00e4chte.<\/p>\n<p>&nbsp;<\/p>\n<p>Alle Wohnungen sind Nichtraucherwohnungen. Sie k\u00f6nnen drau\u00dfen im Hof \u200b\u200boder im Garten rauchen.[\/vc_column_text][\/vc_column_inner][vc_column_inner width=&#8220;1\/2&#8243;][vc_column_text]Haustiere k\u00f6nnen nur nach vorheriger Absprache unter der Adresse B\u00edtov 25 im umz\u00e4unten Garten oder im Erdgeschoss der Appartement vier oder vier plus gehalten werden.[\/vc_column_text][\/vc_column_inner][\/vc_row_inner]<div style=\"background-color:; height: 40px;\" class=\"nicdark_section  \"><\/div> <h3 style=\"color:; padding:px; text-align:; font-size:25px; line-height:px; letter-spacing: px; font-weight:;\" class=\"    \">H\u00e4ufig gestellte Fragen<\/h3> <div style=\"background-color:; height: 30px;\" class=\"nicdark_section  \"><\/div>\n  \n  <script type=\"text\/javascript\">\n    \/\/<![CDATA[\n    \n    jQuery(document).ready(function() {\n\n      \/\/toogle\n      jQuery( \".nd_options_toogle_title_open_981\" ).click(function() {\n        jQuery( \".nd_options_toogle_content_981\" ).show( \"slow\", function() {\n          jQuery( \".nd_options_toogle_title_open_981\" ).css(\"display\",\"none\");\n          jQuery( \".nd_options_toogle_title_close_981\" ).css(\"display\",\"block\");\n        });\n      });\n      jQuery( \".nd_options_toogle_title_close_981\" ).click(function() {\n        jQuery( \".nd_options_toogle_content_981\" ).hide( \"slow\", function() {\n          jQuery( \".nd_options_toogle_title_close_981\" ).css(\"display\",\"none\");\n          jQuery( \".nd_options_toogle_title_open_981\" ).css(\"display\",\"block\");  \n        }); \n      });\n\n    });\n\n    \/\/]]>\n  <\/script>\n\n  \n\n    <div class=\"nd_options_section nd_options_toogles_faq \">\n\n      <div class=\"nd_options_section nd_options_box_sizing_border_box\">\n        <p class=\"nd_options_toogle_title nd_options_first_font nd_options_font_size_17 nd_options_position_relative nd_options_padding_right_20 nd_options_padding_top_5 nd_options_padding_left_45 nd_options_padding_bottom_5\">\n          <span style=\"background-color:#78635b;\" class=\"nd_options_cursor_pointer nd_options_text_align_center nd_options_toogle_title_open_981 nd_options_width_25 nd_options_height_25  nd_options_position_absolute nd_options_top_0 nd_options_left_0\">\n            <img alt=\"\" class=\"nd_options_margin_top_6\" width=\"12\" src=\"https:\/\/bitov.info\/wp-content\/plugins\/nd-shortcodes\/shortcodes\/custom\/toogle\/icon-add-white.png\">\n          <\/span> \n          <span style=\"background-color:#78635b;\"  class=\"nd_options_cursor_pointer nd_options_text_align_center nd_options_toogle_title_close_981 nd_options_width_25 nd_options_display_none nd_options_height_25  nd_options_position_absolute nd_options_top_0 nd_options_left_0\">\n            <img alt=\"\" class=\"nd_options_margin_top_6\" width=\"12\" src=\"https:\/\/bitov.info\/wp-content\/plugins\/nd-shortcodes\/shortcodes\/custom\/toogle\/icon-less-white.png\">\n          <\/span>\n          Appartementsreservierung\n        <\/p>\n      <\/div>\n      \n      <div class=\"nd_options_display_none nd_options_padding_20 nd_options_padding_left_45 nd_options_toogle_content_981 nd_options_section nd_options_box_sizing_border_box\">\n        <p>Die Reservierungsgeb\u00fchr betr\u00e4gt 100 \u20ac. Bitte \u00fcberweisen Sie diese innerhalb einer Woche, ansonsten verf\u00e4llt die Terminreservierung. Sie k\u00f6nnen die Reservierung bis einen Monat vor Anreise kostenfrei stornieren. Wir werden das Geld auf das Konto zur\u00fcckzahlen. Wenn Sie die Reservierung weniger als 30 Tage vor Ankunft stornieren, ist die Reservierungsgeb\u00fchr nicht erstattungsf\u00e4hig. Die Kronenkontonummer lautet 100 758 8024 \/ 3030<\/p>\n      <\/div>\n\n    <\/div>\n\n   <div style=\"background-color:; height: 20px;\" class=\"nicdark_section  \"><\/div>\n  \n  <script type=\"text\/javascript\">\n    \/\/<![CDATA[\n    \n    jQuery(document).ready(function() {\n\n      \/\/toogle\n      jQuery( \".nd_options_toogle_title_open_255\" ).click(function() {\n        jQuery( \".nd_options_toogle_content_255\" ).show( \"slow\", function() {\n          jQuery( \".nd_options_toogle_title_open_255\" ).css(\"display\",\"none\");\n          jQuery( \".nd_options_toogle_title_close_255\" ).css(\"display\",\"block\");\n        });\n      });\n      jQuery( \".nd_options_toogle_title_close_255\" ).click(function() {\n        jQuery( \".nd_options_toogle_content_255\" ).hide( \"slow\", function() {\n          jQuery( \".nd_options_toogle_title_close_255\" ).css(\"display\",\"none\");\n          jQuery( \".nd_options_toogle_title_open_255\" ).css(\"display\",\"block\");  \n        }); \n      });\n\n    });\n\n    \/\/]]>\n  <\/script>\n\n  \n\n    <div class=\"nd_options_section nd_options_toogles_faq \">\n\n      <div class=\"nd_options_section nd_options_box_sizing_border_box\">\n        <p class=\"nd_options_toogle_title nd_options_first_font nd_options_font_size_17 nd_options_position_relative nd_options_padding_right_20 nd_options_padding_top_5 nd_options_padding_left_45 nd_options_padding_bottom_5\">\n          <span style=\"background-color:#78635b;\" class=\"nd_options_cursor_pointer nd_options_text_align_center nd_options_toogle_title_open_255 nd_options_width_25 nd_options_height_25  nd_options_position_absolute nd_options_top_0 nd_options_left_0\">\n            <img alt=\"\" class=\"nd_options_margin_top_6\" width=\"12\" src=\"https:\/\/bitov.info\/wp-content\/plugins\/nd-shortcodes\/shortcodes\/custom\/toogle\/icon-add-white.png\">\n          <\/span> \n          <span style=\"background-color:#78635b;\"  class=\"nd_options_cursor_pointer nd_options_text_align_center nd_options_toogle_title_close_255 nd_options_width_25 nd_options_display_none nd_options_height_25  nd_options_position_absolute nd_options_top_0 nd_options_left_0\">\n            <img alt=\"\" class=\"nd_options_margin_top_6\" width=\"12\" src=\"https:\/\/bitov.info\/wp-content\/plugins\/nd-shortcodes\/shortcodes\/custom\/toogle\/icon-less-white.png\">\n          <\/span>\n          Kronenkontonummer\n        <\/p>\n      <\/div>\n      \n      <div class=\"nd_options_display_none nd_options_padding_20 nd_options_padding_left_45 nd_options_toogle_content_255 nd_options_section nd_options_box_sizing_border_box\">\n        <p>F\u00fcr Zahlungen in Kronen verwenden Sie bitte das Konto 100 758 8024 \/ 3030.<\/p>\n      <\/div>\n\n    <\/div>\n\n   <div style=\"background-color:; height: 20px;\" class=\"nicdark_section  \"><\/div>\n  \n  <script type=\"text\/javascript\">\n    \/\/<![CDATA[\n    \n    jQuery(document).ready(function() {\n\n      \/\/toogle\n      jQuery( \".nd_options_toogle_title_open_38\" ).click(function() {\n        jQuery( \".nd_options_toogle_content_38\" ).show( \"slow\", function() {\n          jQuery( \".nd_options_toogle_title_open_38\" ).css(\"display\",\"none\");\n          jQuery( \".nd_options_toogle_title_close_38\" ).css(\"display\",\"block\");\n        });\n      });\n      jQuery( \".nd_options_toogle_title_close_38\" ).click(function() {\n        jQuery( \".nd_options_toogle_content_38\" ).hide( \"slow\", function() {\n          jQuery( \".nd_options_toogle_title_close_38\" ).css(\"display\",\"none\");\n          jQuery( \".nd_options_toogle_title_open_38\" ).css(\"display\",\"block\");  \n        }); \n      });\n\n    });\n\n    \/\/]]>\n  <\/script>\n\n  \n\n    <div class=\"nd_options_section nd_options_toogles_faq \">\n\n      <div class=\"nd_options_section nd_options_box_sizing_border_box\">\n        <p class=\"nd_options_toogle_title nd_options_first_font nd_options_font_size_17 nd_options_position_relative nd_options_padding_right_20 nd_options_padding_top_5 nd_options_padding_left_45 nd_options_padding_bottom_5\">\n          <span style=\"background-color:#78635b;\" class=\"nd_options_cursor_pointer nd_options_text_align_center nd_options_toogle_title_open_38 nd_options_width_25 nd_options_height_25  nd_options_position_absolute nd_options_top_0 nd_options_left_0\">\n            <img alt=\"\" class=\"nd_options_margin_top_6\" width=\"12\" src=\"https:\/\/bitov.info\/wp-content\/plugins\/nd-shortcodes\/shortcodes\/custom\/toogle\/icon-add-white.png\">\n          <\/span> \n          <span style=\"background-color:#78635b;\"  class=\"nd_options_cursor_pointer nd_options_text_align_center nd_options_toogle_title_close_38 nd_options_width_25 nd_options_display_none nd_options_height_25  nd_options_position_absolute nd_options_top_0 nd_options_left_0\">\n            <img alt=\"\" class=\"nd_options_margin_top_6\" width=\"12\" src=\"https:\/\/bitov.info\/wp-content\/plugins\/nd-shortcodes\/shortcodes\/custom\/toogle\/icon-less-white.png\">\n          <\/span>\n          Barzahlung\n        <\/p>\n      <\/div>\n      \n      <div class=\"nd_options_display_none nd_options_padding_20 nd_options_padding_left_45 nd_options_toogle_content_38 nd_options_section nd_options_box_sizing_border_box\">\n        <p>Die Unterkunft oder der Unterkunftsaufzahlung wird bei der Ankunft vollst\u00e4ndig bezahlt.<\/p>\n      <\/div>\n\n    <\/div>\n\n   <div style=\"background-color:; height: 20px;\" class=\"nicdark_section  \"><\/div>\n  \n  <script type=\"text\/javascript\">\n    \/\/<![CDATA[\n    \n    jQuery(document).ready(function() {\n\n      \/\/toogle\n      jQuery( \".nd_options_toogle_title_open_40\" ).click(function() {\n        jQuery( \".nd_options_toogle_content_40\" ).show( \"slow\", function() {\n          jQuery( \".nd_options_toogle_title_open_40\" ).css(\"display\",\"none\");\n          jQuery( \".nd_options_toogle_title_close_40\" ).css(\"display\",\"block\");\n        });\n      });\n      jQuery( \".nd_options_toogle_title_close_40\" ).click(function() {\n        jQuery( \".nd_options_toogle_content_40\" ).hide( \"slow\", function() {\n          jQuery( \".nd_options_toogle_title_close_40\" ).css(\"display\",\"none\");\n          jQuery( \".nd_options_toogle_title_open_40\" ).css(\"display\",\"block\");  \n        }); \n      });\n\n    });\n\n    \/\/]]>\n  <\/script>\n\n  \n\n    <div class=\"nd_options_section nd_options_toogles_faq \">\n\n      <div class=\"nd_options_section nd_options_box_sizing_border_box\">\n        <p class=\"nd_options_toogle_title nd_options_first_font nd_options_font_size_17 nd_options_position_relative nd_options_padding_right_20 nd_options_padding_top_5 nd_options_padding_left_45 nd_options_padding_bottom_5\">\n          <span style=\"background-color:#78635b;\" class=\"nd_options_cursor_pointer nd_options_text_align_center nd_options_toogle_title_open_40 nd_options_width_25 nd_options_height_25  nd_options_position_absolute nd_options_top_0 nd_options_left_0\">\n            <img alt=\"\" class=\"nd_options_margin_top_6\" width=\"12\" src=\"https:\/\/bitov.info\/wp-content\/plugins\/nd-shortcodes\/shortcodes\/custom\/toogle\/icon-add-white.png\">\n          <\/span> \n          <span style=\"background-color:#78635b;\"  class=\"nd_options_cursor_pointer nd_options_text_align_center nd_options_toogle_title_close_40 nd_options_width_25 nd_options_display_none nd_options_height_25  nd_options_position_absolute nd_options_top_0 nd_options_left_0\">\n            <img alt=\"\" class=\"nd_options_margin_top_6\" width=\"12\" src=\"https:\/\/bitov.info\/wp-content\/plugins\/nd-shortcodes\/shortcodes\/custom\/toogle\/icon-less-white.png\">\n          <\/span>\n          Euro-Kontonummer\n        <\/p>\n      <\/div>\n      \n      <div class=\"nd_options_display_none nd_options_padding_20 nd_options_padding_left_45 nd_options_toogle_content_40 nd_options_section nd_options_box_sizing_border_box\">\n        <p>Die Eurokontonummer lautet IBAN: AT901200010010810512 BIC: BKAUATWW<\/p>\n      <\/div>\n\n    <\/div>\n\n   [\/vc_column][vc_column width=&#8220;1\/3&#8243; css=&#8220;.vc_custom_1486115020030{padding-right: 30px !important;padding-left: 30px !important;}&#8220;]<div style=\"background-color:; height: 20px;\" class=\"nicdark_section  \"><\/div>[vc_row_inner][vc_column_inner css=&#8220;.vc_custom_1505911537983{padding-top: 30px !important;padding-right: 30px !important;padding-bottom: 15px !important;padding-left: 30px !important;background-color: #78635b !important;}&#8220;] <h5 style=\"color:#ffffff; padding:px; text-align:center; font-size:12px; line-height:12px; letter-spacing: 2px; font-weight:lighter;\" class=\"   nd_options_second_font \">KONTAKT<\/h5> <div style=\"background-color:; height: 10px;\" class=\"nicdark_section  \"><\/div> <h2 style=\"color:#ffffff; padding:px; text-align:center; font-size:25px; line-height:25px; letter-spacing: px; font-weight:normal;\" class=\"   nd_options_first_font \">Kontaktiere uns<\/h2> <div style=\"background-color:; height: 20px;\" class=\"nicdark_section  \"><\/div>\n\n    <style>\n\n    #nd_options_shortcode_cf7_4583 input[type=\"text\"],\n    #nd_options_shortcode_cf7_4583 input[type=\"email\"],\n    #nd_options_shortcode_cf7_4583 input[type=\"url\"],\n    #nd_options_shortcode_cf7_4583 input[type=\"tel\"],\n    #nd_options_shortcode_cf7_4583 input[type=\"number\"],\n    #nd_options_shortcode_cf7_4583 input[type=\"date\"],\n    #nd_options_shortcode_cf7_4583 input[type=\"checkbox\"],\n    #nd_options_shortcode_cf7_4583 input[type=\"file\"],\n    #nd_options_shortcode_cf7_4583 textarea,\n    #nd_options_shortcode_cf7_4583 label,\n    #nd_options_shortcode_cf7_4583 select\n    {\n\n      width: 100%;\n\n    }\n\n\n    .nd_options_customizer_forms span.wpcf7-not-valid-tip,\n    .nd_options_customizer_forms .wpcf7-response-output.wpcf7-validation-errors,\n    .nd_options_customizer_forms .wpcf7-response-output.wpcf7-mail-sent-ok\n    {\n\n      float: left;\n      width: 100%;\n      box-sizing: border-box;\n\n    }\n\n    <\/style>\n\n  \n\n    <!--start form-->\n    <div id=\"nd_options_shortcode_cf7_4583\" class=\"nd_options_section \">\n      \n      <div class=\"nd_options_section nd_options_box_sizing_border_box\">\n        <div role=\"form\" class=\"wpcf7\" id=\"wpcf7-f4583-o1\" lang=\"en-US\" dir=\"ltr\">\n<div class=\"screen-reader-response\"><p role=\"status\" aria-live=\"polite\" aria-atomic=\"true\"><\/p> <ul><\/ul><\/div>\n<form action=\"\/index.php?rest_route=%2Fwp%2Fv2%2Fpages%2F1965#wpcf7-f4583-o1\" method=\"post\" class=\"wpcf7-form init\" novalidate=\"novalidate\" data-status=\"init\">\n<div style=\"display: none;\">\n<input type=\"hidden\" name=\"_wpcf7\" value=\"4583\" \/>\n<input type=\"hidden\" name=\"_wpcf7_version\" value=\"5.6.2\" \/>\n<input type=\"hidden\" name=\"_wpcf7_locale\" value=\"en_US\" \/>\n<input type=\"hidden\" name=\"_wpcf7_unit_tag\" value=\"wpcf7-f4583-o1\" \/>\n<input type=\"hidden\" name=\"_wpcf7_container_post\" value=\"0\" \/>\n<input type=\"hidden\" name=\"_wpcf7_posted_data_hash\" value=\"\" \/>\n<input type=\"hidden\" name=\"_wpcf7_recaptcha_response\" value=\"\" \/>\n<\/div>\n<div class=\"nd_options_float_left nd_options_box_sizing_border_box nd_options_width_100_percentage_all_iphone_important nd_options_padding_0_right_important_all_iphone nd_options_padding_0_left_important_all_iphone \" style=\"padding: 0px 10px 15px 0px; width:100%;\" ><span class=\"wpcf7-form-control-wrap\" data-name=\"name-form\"><input type=\"text\" name=\"name-form\" value=\"\" size=\"40\" class=\"wpcf7-form-control wpcf7-text wpcf7-validates-as-required nd_options_bg_white nd_booking_border_width_0_important nd_options_padding_10_20_important nd_options_margin_top_10 nd_options_font_weight_lighter\" aria-required=\"true\" aria-invalid=\"false\" placeholder=\"Name\" \/><\/span><\/div><div class=\"nd_options_float_left nd_options_box_sizing_border_box nd_options_width_100_percentage_all_iphone_important nd_options_padding_0_right_important_all_iphone nd_options_padding_0_left_important_all_iphone \" style=\"padding: 0px 10px 15px 0px; width:100%;\" ><span class=\"wpcf7-form-control-wrap\" data-name=\"email\"><input type=\"email\" name=\"email\" value=\"\" size=\"40\" class=\"wpcf7-form-control wpcf7-text wpcf7-email wpcf7-validates-as-required wpcf7-validates-as-email nd_options_bg_white nd_booking_border_width_0_important nd_options_padding_10_20_important nd_options_margin_top_10 nd_options_font_weight_lighter\" aria-required=\"true\" aria-invalid=\"false\" placeholder=\"Email\" \/><\/span><\/div><div class=\"nd_options_float_left nd_options_box_sizing_border_box nd_options_width_100_percentage_all_iphone_important nd_options_padding_0_right_important_all_iphone nd_options_padding_0_left_important_all_iphone \" style=\"padding: 0px 10px 15px 0px; width:100%;\" ><span class=\"wpcf7-form-control-wrap\" data-name=\"message\"><textarea name=\"message\" cols=\"40\" rows=\"5\" class=\"wpcf7-form-control wpcf7-textarea nd_options_bg_white nd_booking_border_width_0_important nd_options_padding_10_20_important nd_options_margin_top_10 nd_options_font_weight_lighter\" aria-invalid=\"false\" placeholder=\"Mitteilung\"><\/textarea><\/span><\/div><div class=\"nd_options_float_left nd_options_box_sizing_border_box nd_options_width_100_percentage_all_iphone_important nd_options_padding_0_right_important_all_iphone nd_options_padding_0_left_important_all_iphone \" style=\"padding: 0px 0px 0px 0px; width:100%;\" ><input type=\"submit\" value=\"SENDEN\" class=\"wpcf7-form-control has-spinner wpcf7-submit nd_booking_padding_15_30_important nd_options_second_font_important nd_options_color_white nd_options_display_inline_block nd_options_font_size_11 nd_options_font_weight_bold nd_options_letter_spacing_2 nd_options_section\" \/><\/div>\n<div class=\"wpcf7-response-output\" aria-hidden=\"true\"><\/div><\/form><\/div> \n      <\/div>  \n\n    <\/div>\n    <!--end form-->\n\n   [\/vc_column_inner][\/vc_row_inner][vc_row_inner css=&#8220;.vc_custom_1658293990035{margin-top: 35px !important;background-image: url(\/wp-content\/uploads\/2022\/02\/IMG_9347-HDR-1-scaled.jpg?id=1827) !important;background-position: center !important;background-repeat: no-repeat !important;background-size: cover !important;}&#8220;][vc_column_inner css=&#8220;.vc_custom_1502963078281{padding-top: 82px !important;padding-right: 30px !important;padding-bottom: 82px !important;padding-left: 30px !important;background-color: rgba(114,116,117,0.29) !important;*background-color: rgb(114,116,117) !important;}&#8220;] <h5 style=\"color:#ffffff; padding:px; text-align:center; font-size:12px; line-height:12px; letter-spacing: 2px; font-weight:lighter;\" class=\"   nd_options_second_font \">DOMEK U LESA<\/h5> <div style=\"background-color:; height: 10px;\" class=\"nicdark_section  \"><\/div> <h2 style=\"color:#ffffff; padding:px; text-align:center; font-size:25px; line-height:25px; letter-spacing: px; font-weight:normal;\" class=\"   nd_options_first_font \">B\u00edtov 15<\/h2> [\/vc_column_inner][\/vc_row_inner]<div style=\"background-color:; height: 20px;\" class=\"nicdark_section  \"><\/div>[vc_row_inner css=&#8220;.vc_custom_1658294104710{margin-top: 35px !important;background-image: url(\/wp-content\/uploads\/2022\/06\/DJI_0458-HDR_resize.jpg?id=3832) !important;background-position: center !important;background-repeat: no-repeat !important;background-size: cover !important;}&#8220;][vc_column_inner css=&#8220;.vc_custom_1502963078281{padding-top: 82px !important;padding-right: 30px !important;padding-bottom: 82px !important;padding-left: 30px !important;background-color: rgba(114,116,117,0.29) !important;*background-color: rgb(114,116,117) !important;}&#8220;] <h5 style=\"color:#ffffff; padding:px; text-align:center; font-size:12px; line-height:12px; letter-spacing: 2px; font-weight:lighter;\" class=\"   nd_options_second_font \">DOMEK U LESA<\/h5> <div style=\"background-color:; height: 10px;\" class=\"nicdark_section  \"><\/div> <h2 style=\"color:#ffffff; padding:px; text-align:center; font-size:25px; line-height:25px; letter-spacing: px; font-weight:normal;\" class=\"   nd_options_first_font \">B\u00edtov 25<\/h2> [\/vc_column_inner][\/vc_row_inner][\/vc_column][\/vc_row]<\/p>\n","protected":false},"excerpt":{"rendered":"<p>[vc_row css=&#8220;.vc_custom_1492612814975{margin-top: 40px !important;margin-bottom: 40px !important;}&#8220;][vc_column width=&#8220;2\/3&#8243;][vc_row_inner][vc_column_inner width=&#8220;1\/2&#8243;][vc_column_text]Der Mindestaufenthalt betr\u00e4gt zwei N\u00e4chte. &nbsp; Alle Wohnungen sind Nichtraucherwohnungen. Sie k\u00f6nnen drau\u00dfen im Hof \u200b\u200boder im Garten rauchen.[\/vc_column_text][\/vc_column_inner][vc_column_inner width=&#8220;1\/2&#8243;][vc_column_text]Haustiere k\u00f6nnen nur nach vorheriger Absprache unter der Adresse B\u00edtov 25 im umz\u00e4unten Garten oder im Erdgeschoss der Appartement vier oder vier plus gehalten werden.[\/vc_column_text][\/vc_column_inner][\/vc_row_inner][\/vc_column][vc_column width=&#8220;1\/3&#8243; css=&#8220;.vc_custom_1486115020030{padding-right: 30px !important;padding-left: [&hellip;]<\/p>\n","protected":false},"author":1,"featured_media":0,"parent":0,"menu_order":0,"comment_status":"closed","ping_status":"closed","template":"","meta":[],"_links":{"self":[{"href":"https:\/\/bitov.info\/index.php?rest_route=\/wp\/v2\/pages\/1965"}],"collection":[{"href":"https:\/\/bitov.info\/index.php?rest_route=\/wp\/v2\/pages"}],"about":[{"href":"https:\/\/bitov.info\/index.php?rest_route=\/wp\/v2\/types\/page"}],"author":[{"embeddable":true,"href":"https:\/\/bitov.info\/index.php?rest_route=\/wp\/v2\/users\/1"}],"replies":[{"embeddable":true,"href":"https:\/\/bitov.info\/index.php?rest_route=%2Fwp%2Fv2%2Fcomments&post=1965"}],"version-history":[{"count":9,"href":"https:\/\/bitov.info\/index.php?rest_route=\/wp\/v2\/pages\/1965\/revisions"}],"predecessor-version":[{"id":4897,"href":"https:\/\/bitov.info\/index.php?rest_route=\/wp\/v2\/pages\/1965\/revisions\/4897"}],"wp:attachment":[{"href":"https:\/\/bitov.info\/index.php?rest_route=%2Fwp%2Fv2%2Fmedia&parent=1965"}],"curies":[{"name":"wp","href":"https:\/\/api.w.org\/{rel}","templated":true}]}}